{"id":13,"date":"2023-12-31T20:05:58","date_gmt":"2023-12-31T20:05:58","guid":{"rendered":"https:\/\/thepeaceroads.com\/?page_id=13"},"modified":"2025-05-30T10:41:18","modified_gmt":"2025-05-30T10:41:18","slug":"about-us","status":"publish","type":"page","link":"https:\/\/thepeaceroads.com\/da\/about-us\/","title":{"rendered":"Om os"},"content":{"rendered":"<div data-elementor-type=\"wp-page\" data-elementor-id=\"13\" class=\"elementor elementor-13\" data-elementor-post-type=\"page\">\n\t\t\t\t\t\t<section class=\"elementor-section elementor-top-section elementor-element elementor-element-4e916ec3 elementor-section-boxed elementor-section-height-default elementor-section-height-default\" data-id=\"4e916ec3\" data-element_type=\"section\" data-settings=\"{&quot;background_background&quot;:&quot;classic&quot;}\">\n\t\t\t\t\t\t\t<div class=\"elementor-background-overlay\"><\/div>\n\t\t\t\t\t\t\t<div class=\"elementor-container elementor-column-gap-default\">\n\t\t\t\t\t<div class=\"elementor-column elementor-col-50 elementor-top-column elementor-element elementor-element-466b00aa\" data-id=\"466b00aa\" data-element_type=\"column\">\n\t\t\t<div class=\"elementor-widget-wrap elementor-element-populated\">\n\t\t\t\t\t\t<div class=\"elementor-element elementor-element-6ed6004a elementor-widget elementor-widget-text-editor\" data-id=\"6ed6004a\" data-element_type=\"widget\" data-widget_type=\"text-editor.default\">\n\t\t\t\t<div class=\"elementor-widget-container\">\n\t\t\t\t\t\t\t\t\t<p>G\u00e5 med fred \u2013 og forandre verden \u00e9t skridt ad gangen!<\/p>\t\t\t\t\t\t\t\t<\/div>\n\t\t\t\t<\/div>\n\t\t\t\t\t<\/div>\n\t\t<\/div>\n\t\t\t\t<div class=\"elementor-column elementor-col-50 elementor-top-column elementor-element elementor-element-3cafda30\" data-id=\"3cafda30\" data-element_type=\"column\">\n\t\t\t<div class=\"elementor-widget-wrap\">\n\t\t\t\t\t\t\t<\/div>\n\t\t<\/div>\n\t\t\t\t\t<\/div>\n\t\t<\/section>\n\t\t\t\t<section class=\"elementor-section elementor-top-section elementor-element elementor-element-784e2245 elementor-section-boxed elementor-section-height-default elementor-section-height-default\" data-id=\"784e2245\" data-element_type=\"section\">\n\t\t\t\t\t\t<div class=\"elementor-container elementor-column-gap-default\">\n\t\t\t\t\t<div class=\"elementor-column elementor-col-50 elementor-top-column elementor-element elementor-element-2a50141\" data-id=\"2a50141\" data-element_type=\"column\">\n\t\t\t<div class=\"elementor-widget-wrap elementor-element-populated\">\n\t\t\t\t\t\t<div class=\"elementor-element elementor-element-584c28ac elementor-widget elementor-widget-image\" data-id=\"584c28ac\" data-element_type=\"widget\" data-widget_type=\"image.default\">\n\t\t\t\t<div class=\"elementor-widget-container\">\n\t\t\t\t\t\t\t\t\t\t\t\t\t\t\t<img fetchpriority=\"high\" decoding=\"async\" width=\"600\" height=\"600\" src=\"https:\/\/thepeaceroads.com\/wp-content\/uploads\/2025\/05\/henrikogdaimi2.jpg\" class=\"attachment-full size-full wp-image-1115\" alt=\"\" srcset=\"https:\/\/thepeaceroads.com\/wp-content\/uploads\/2025\/05\/henrikogdaimi2.jpg 600w, https:\/\/thepeaceroads.com\/wp-content\/uploads\/2025\/05\/henrikogdaimi2-300x300.jpg 300w, https:\/\/thepeaceroads.com\/wp-content\/uploads\/2025\/05\/henrikogdaimi2-150x150.jpg 150w, https:\/\/thepeaceroads.com\/wp-content\/uploads\/2025\/05\/henrikogdaimi2-12x12.jpg 12w, https:\/\/thepeaceroads.com\/wp-content\/uploads\/2025\/05\/henrikogdaimi2-100x100.jpg 100w, https:\/\/thepeaceroads.com\/wp-content\/uploads\/2025\/05\/henrikogdaimi2-50x50.jpg 50w\" sizes=\"(max-width: 600px) 100vw, 600px\" \/>\t\t\t\t\t\t\t\t\t\t\t\t\t\t\t<\/div>\n\t\t\t\t<\/div>\n\t\t\t\t\t<\/div>\n\t\t<\/div>\n\t\t\t\t<div class=\"elementor-column elementor-col-50 elementor-top-column elementor-element elementor-element-35d7c5a0\" data-id=\"35d7c5a0\" data-element_type=\"column\">\n\t\t\t<div class=\"elementor-widget-wrap elementor-element-populated\">\n\t\t\t\t\t\t<div class=\"elementor-element elementor-element-1d0c4d42 elementor-invisible elementor-widget elementor-widget-heading\" data-id=\"1d0c4d42\" data-element_type=\"widget\" data-settings=\"{&quot;_animation&quot;:&quot;fadeInUp&quot;,&quot;_animation_delay&quot;:200}\" data-widget_type=\"heading.default\">\n\t\t\t\t<div class=\"elementor-widget-container\">\n\t\t\t\t\t<h2 class=\"elementor-heading-title elementor-size-default\">The Peace Roads bygger p\u00e5 en enkel, men st\u00e6rk id\u00e9.<\/h2>\t\t\t\t<\/div>\n\t\t\t\t<\/div>\n\t\t\t\t<div class=\"elementor-element elementor-element-4bfcc1c6 elementor-widget elementor-widget-text-editor\" data-id=\"4bfcc1c6\" data-element_type=\"widget\" data-widget_type=\"text-editor.default\">\n\t\t\t\t<div class=\"elementor-widget-container\">\n\t\t\t\t\t\t\t\t\t<p data-start=\"988\" data-end=\"1160\"><strong data-start=\"1046\" data-end=\"1160\">Hvad nu, hvis fred kunne blive en del af vores hverdag \u2013 noget vi viser verden, blot ved det vi har p\u00e5?<\/strong><\/p><p data-start=\"1162\" data-end=\"1370\">Grundlagt af <strong data-start=\"1173\" data-end=\"1190\">Henrik Hansen<\/strong>, en dansk skaber med en lang historie inden for kulturelle projekter, <em data-start=\"1251\" data-end=\"1268\">The Peace Roads<\/em> begyndte som en refleksion over de tidl\u00f8se budskaber om fred, b\u00e5ret frem af John Lennon og Yoko Ono \u2013 og utallige andre.<\/p><p data-start=\"1372\" data-end=\"1540\">Inspireret af deres arbejde og drevet af tidens alvor, bygger vi et livsstilsbrand med et form\u00e5l: at sprede fred gennem design, f\u00e6llesskab og handling.<\/p><h2 data-start=\"2128\" data-end=\"2145\">Vores mission<\/h2><h6 data-start=\"2147\" data-end=\"2197\"><strong data-start=\"2151\" data-end=\"2197\">Fra sneakers til globalt fredsarbejde<\/strong><\/h6><p data-start=\"2199\" data-end=\"2248\">Peace Snickers-projektet er kun begyndelsen. Vores fremtidsvision omfatter skabelsen af en <strong data-start=\"2295\" data-end=\"2326\">non-profit fredsfond<\/strong>, finansieret gennem salget af vores produkter. Fondens m\u00e5l er:<\/p><ul><li style=\"list-style-type: none;\"><ul data-start=\"2392\" data-end=\"2626\"><li data-start=\"477\" data-end=\"574\"><p data-start=\"479\" data-end=\"574\"><strong>Udbrede fredens budskab og v\u00e6rdier<\/strong> blandt unge gennem mode og fort\u00e6llinger.<\/p><\/li><li data-start=\"575\" data-end=\"676\"><p data-start=\"577\" data-end=\"676\"><strong>Fejre<\/strong> dem, der fremmer fred, enhed og k\u00e6rlighed.<\/p><\/li><li data-start=\"575\" data-end=\"676\"><p data-start=\"577\" data-end=\"676\"><strong style=\"font-size: 16px;\" data-start=\"679\" data-end=\"714\">St\u00f8tte fredsskabende projekter<\/strong><span style=\"font-size: 16px;\"> verden over \u2013 med s\u00e6rligt fokus p\u00e5 unge, uddannelse og kulturelt udtryk<\/span><\/p><\/li><\/ul><\/li><\/ul><p data-start=\"2628\" data-end=\"2699\"><em><strong>20 % af hvert k\u00f8b g\u00e5r direkte til at st\u00f8tte disse initiativer.<\/strong><\/em><\/p>\t\t\t\t\t\t\t\t<\/div>\n\t\t\t\t<\/div>\n\t\t\t\t\t<\/div>\n\t\t<\/div>\n\t\t\t\t\t<\/div>\n\t\t<\/section>\n\t\t\t\t<section class=\"elementor-section elementor-top-section elementor-element elementor-element-1ae00bbe elementor-section-boxed elementor-section-height-default elementor-section-height-default\" data-id=\"1ae00bbe\" data-element_type=\"section\">\n\t\t\t\t\t\t<div class=\"elementor-container elementor-column-gap-default\">\n\t\t\t\t\t<div class=\"elementor-column elementor-col-100 elementor-top-column elementor-element elementor-element-4b24a6c9\" data-id=\"4b24a6c9\" data-element_type=\"column\" data-settings=\"{&quot;background_background&quot;:&quot;classic&quot;}\">\n\t\t\t<div class=\"elementor-widget-wrap elementor-element-populated\">\n\t\t\t\t\t\t<div class=\"elementor-element elementor-element-5aa68c78 elementor-widget elementor-widget-heading\" data-id=\"5aa68c78\" data-element_type=\"widget\" data-widget_type=\"heading.default\">\n\t\t\t\t<div class=\"elementor-widget-container\">\n\t\t\t\t\t<h2 class=\"elementor-heading-title elementor-size-default\">\"Fra id\u00e9 til identitet \u2013 fred du kan b\u00e6re\"<\/h2>\t\t\t\t<\/div>\n\t\t\t\t<\/div>\n\t\t\t\t\t<\/div>\n\t\t<\/div>\n\t\t\t\t\t<\/div>\n\t\t<\/section>\n\t\t\t\t<\/div>","protected":false},"excerpt":{"rendered":"<p>A Peaceful Revolution in Motion Behind The Peace Roads is a simple but powerful idea: What if peace could become part of our everyday identity \u2013 something we show the world simply by what we wear? Founded by Henrik Hansen, a Danish creator with a long history of cultural projects, The Peace Roads began as [&hellip;]<\/p>","protected":false},"author":2,"featured_media":0,"parent":0,"menu_order":0,"comment_status":"closed","ping_status":"closed","template":"","meta":{"_eb_attr":"","site-sidebar-layout":"no-sidebar","site-content-layout":"","ast-site-content-layout":"full-width-container","site-content-style":"default","site-sidebar-style":"default","ast-global-header-display":"","ast-banner-title-visibility":"","ast-main-header-display":"","ast-hfb-above-header-display":"","ast-hfb-below-header-display":"","ast-hfb-mobile-header-display":"","site-post-title":"disabled","ast-breadcrumbs-content":"","ast-featured-img":"disabled","footer-sml-layout":"","theme-transparent-header-meta":"","adv-header-id-meta":"","stick-header-meta":"","header-above-stick-meta":"","header-main-stick-meta":"","header-below-stick-meta":"","astra-migrate-meta-layouts":"default","ast-page-background-enabled":"default","ast-page-background-meta":{"desktop":{"background-color":"var(--ast-global-color-4)","background-image":"","background-repeat":"repeat","background-position":"center center","background-size":"auto","background-attachment":"scroll","background-type":"","background-media":"","overlay-type":"","overlay-color":"","overlay-opacity":"","overlay-gradient":""},"tablet":{"background-color":"","background-image":"","background-repeat":"repeat","background-position":"center center","background-size":"auto","background-attachment":"scroll","background-type":"","background-media":"","overlay-type":"","overlay-color":"","overlay-opacity":"","overlay-gradient":""},"mobile":{"background-color":"","background-image":"","background-repeat":"repeat","background-position":"center center","background-size":"auto","background-attachment":"scroll","background-type":"","background-media":"","overlay-type":"","overlay-color":"","overlay-opacity":"","overlay-gradient":""}},"ast-content-background-meta":{"desktop":{"background-color":"var(--ast-global-color-5)","background-image":"","background-repeat":"repeat","background-position":"center center","background-size":"auto","background-attachment":"scroll","background-type":"","background-media":"","overlay-type":"","overlay-color":"","overlay-opacity":"","overlay-gradient":""},"tablet":{"background-color":"var(--ast-global-color-5)","background-image":"","background-repeat":"repeat","background-position":"center center","background-size":"auto","background-attachment":"scroll","background-type":"","background-media":"","overlay-type":"","overlay-color":"","overlay-opacity":"","overlay-gradient":""},"mobile":{"background-color":"var(--ast-global-color-5)","background-image":"","background-repeat":"repeat","background-position":"center center","background-size":"auto","background-attachment":"scroll","background-type":"","background-media":"","overlay-type":"","overlay-color":"","overlay-opacity":"","overlay-gradient":""}},"footnotes":""},"class_list":["post-13","page","type-page","status-publish","hentry"],"_links":{"self":[{"href":"https:\/\/thepeaceroads.com\/da\/wp-json\/wp\/v2\/pages\/13","targetHints":{"allow":["GET"]}}],"collection":[{"href":"https:\/\/thepeaceroads.com\/da\/wp-json\/wp\/v2\/pages"}],"about":[{"href":"https:\/\/thepeaceroads.com\/da\/wp-json\/wp\/v2\/types\/page"}],"author":[{"embeddable":true,"href":"https:\/\/thepeaceroads.com\/da\/wp-json\/wp\/v2\/users\/2"}],"replies":[{"embeddable":true,"href":"https:\/\/thepeaceroads.com\/da\/wp-json\/wp\/v2\/comments?post=13"}],"version-history":[{"count":37,"href":"https:\/\/thepeaceroads.com\/da\/wp-json\/wp\/v2\/pages\/13\/revisions"}],"predecessor-version":[{"id":1118,"href":"https:\/\/thepeaceroads.com\/da\/wp-json\/wp\/v2\/pages\/13\/revisions\/1118"}],"wp:attachment":[{"href":"https:\/\/thepeaceroads.com\/da\/wp-json\/wp\/v2\/media?parent=13"}],"curies":[{"name":"wp","href":"https:\/\/api.w.org\/{rel}","templated":true}]}}